{"id":608,"date":"2018-03-15T20:27:59","date_gmt":"2018-03-15T19:27:59","guid":{"rendered":"https:\/\/escortcomputer.hu\/?page_id=608"},"modified":"2023-09-08T13:01:01","modified_gmt":"2023-09-08T12:01:01","slug":"pricing","status":"publish","type":"page","link":"https:\/\/escortcomputer.hu\/hu\/pricing\/","title":{"rendered":"\u00c1rlista"},"content":{"rendered":"<p>[vc_row css=&#8221;.vc_custom_1521145172740{padding-bottom: 60px !important;}&#8221;][vc_column width=&#8221;1\/3&#8243;][vc_column_text]<\/p>\n<h3 style=\"text-align: center;\">Helysz\u00edni szervizd\u00edjak<\/h3>\n<p>[\/vc_column_text][vc_single_image image=&#8221;45&#8243; img_size=&#8221;full&#8221;][vc_column_text]<\/p>\n<table class=\"arlista\" border=\"0\" width=\"100%\" cellspacing=\"0\" cellpadding=\"3\" align=\"center\">\n<tbody>\n<tr bgcolor=\"#00b2ca\">\n<td>Szolg\u00e1ltat\u00e1s<\/td>\n<td>\u00c1r<\/td>\n<\/tr>\n<tr>\n<td>Hardver, szoftver jav\u00edt\u00e1s<\/td>\n<td>15.900 Ft\/\u00f3ra<\/td>\n<\/tr>\n<tr>\n<td>Kisz\u00e1ll\u00e1si d\u00edj<\/td>\n<td>9.900 Ft<\/td>\n<\/tr>\n<tr>\n<td>S\u00fcrg\u0151ss\u00e9gi fel\u00e1r<\/td>\n<td>9.900 Ft<\/td>\n<\/tr>\n<\/tbody>\n<\/table>\n<p>[\/vc_column_text][\/vc_column][vc_column width=&#8221;1\/3&#8243;][vc_column_text]<\/p>\n<h3 style=\"text-align: center;\">Asztali sz\u00e1m\u00edt\u00f3g\u00e9pek<\/h3>\n<p>[\/vc_column_text][vc_single_image image=&#8221;14&#8243; img_size=&#8221;full&#8221;][vc_column_text]<\/p>\n<table class=\"arlista\" border=\"0\" width=\"100%\" cellspacing=\"0\" cellpadding=\"3\" align=\"center\">\n<tbody>\n<tr bgcolor=\"#00b2ca\">\n<td>Szolg\u00e1ltat\u00e1s<\/td>\n<td>\u00c1r<\/td>\n<\/tr>\n<tr>\n<td>Teljesk\u00f6r\u0171 tiszt\u00edt\u00e1s<\/td>\n<td>11.900 Ft<\/td>\n<\/tr>\n<tr>\n<td>Alkatr\u00e9sz csere<\/td>\n<td>9.900 Ft<\/td>\n<\/tr>\n<tr>\n<td>Szoftveres hiba jav\u00edt\u00e1sa<\/td>\n<td>9.900 Ft<\/td>\n<\/tr>\n<\/tbody>\n<\/table>\n<p>[\/vc_column_text][\/vc_column][vc_column width=&#8221;1\/3&#8243;][vc_column_text]<\/p>\n<h3 style=\"text-align: center;\">Laptopok \u00e9s Notebookok<\/h3>\n<p>[\/vc_column_text][vc_single_image image=&#8221;13&#8243; img_size=&#8221;full&#8221;][vc_column_text]<\/p>\n<table class=\"arlista\" border=\"0\" width=\"100%\" cellspacing=\"0\" cellpadding=\"3\" align=\"center\">\n<tbody>\n<tr bgcolor=\"#00b2ca\">\n<td>Szolg\u00e1ltat\u00e1s<\/td>\n<td>\u00c1r<\/td>\n<\/tr>\n<tr>\n<td>Teljesk\u00f6r\u0171 tiszt\u00edt\u00e1s<\/td>\n<td>14.900 Ft<\/td>\n<\/tr>\n<tr>\n<td>Alkatr\u00e9sz csere<\/td>\n<td>9.900 Ft<\/td>\n<\/tr>\n<tr>\n<td>Szoftveres hiba jav\u00edt\u00e1s<\/td>\n<td>9.900 Ft<\/td>\n<\/tr>\n<\/tbody>\n<\/table>\n<p>[\/vc_column_text][\/vc_column][\/vc_row]<\/p>","protected":false},"excerpt":{"rendered":"<p>[vc_row css=&#8221;.vc_custom_1521145172740{padding-bottom: 60px !important;}&#8221;][vc_column width=&#8221;1\/3&#8243;][vc_column_text] Helysz\u00edni szervizd\u00edjak [\/vc_column_text][vc_single_image image=&#8221;45&#8243; img_size=&#8221;full&#8221;][vc_column_text] Szolg\u00e1ltat\u00e1s \u00c1r Hardver, szoftver jav\u00edt\u00e1s 15.900 Ft\/\u00f3ra Kisz\u00e1ll\u00e1si d\u00edj 9.900 Ft S\u00fcrg\u0151ss\u00e9gi fel\u00e1r 9.900 Ft [\/vc_column_text][\/vc_column][vc_column width=&#8221;1\/3&#8243;][vc_column_text] Asztali sz\u00e1m\u00edt\u00f3g\u00e9pek [\/vc_column_text][vc_single_image image=&#8221;14&#8243; img_size=&#8221;full&#8221;][vc_column_text] Szolg\u00e1ltat\u00e1s \u00c1r Teljesk\u00f6r\u0171 tiszt\u00edt\u00e1s 11.900 Ft Alkatr\u00e9sz csere 9.900 Ft Szoftveres hiba jav\u00edt\u00e1sa 9.900 Ft [\/vc_column_text][\/vc_column][vc_column width=&#8221;1\/3&#8243;][vc_column_text] Laptopok \u00e9s Notebookok [\/vc_column_text][vc_single_image image=&#8221;13&#8243; img_size=&#8221;full&#8221;][vc_column_text] [&hellip;]<\/p>\n","protected":false},"author":1,"featured_media":0,"parent":0,"menu_order":0,"comment_status":"closed","ping_status":"closed","template":"","meta":{"footnotes":""},"class_list":["post-608","page","type-page","status-publish","hentry"],"_links":{"self":[{"href":"https:\/\/escortcomputer.hu\/hu\/wp-json\/wp\/v2\/pages\/608","targetHints":{"allow":["GET"]}}],"collection":[{"href":"https:\/\/escortcomputer.hu\/hu\/wp-json\/wp\/v2\/pages"}],"about":[{"href":"https:\/\/escortcomputer.hu\/hu\/wp-json\/wp\/v2\/types\/page"}],"author":[{"embeddable":true,"href":"https:\/\/escortcomputer.hu\/hu\/wp-json\/wp\/v2\/users\/1"}],"replies":[{"embeddable":true,"href":"https:\/\/escortcomputer.hu\/hu\/wp-json\/wp\/v2\/comments?post=608"}],"version-history":[{"count":1,"href":"https:\/\/escortcomputer.hu\/hu\/wp-json\/wp\/v2\/pages\/608\/revisions"}],"predecessor-version":[{"id":2333,"href":"https:\/\/escortcomputer.hu\/hu\/wp-json\/wp\/v2\/pages\/608\/revisions\/2333"}],"wp:attachment":[{"href":"https:\/\/escortcomputer.hu\/hu\/wp-json\/wp\/v2\/media?parent=608"}],"curies":[{"name":"wp","href":"https:\/\/api.w.org\/{rel}","templated":true}]}}