{"id":177,"date":"2016-11-14T14:59:18","date_gmt":"2016-11-14T14:59:18","guid":{"rendered":"http:\/\/iwebdc.com\/demo\/ostrya\/?page_id=177"},"modified":"2021-01-09T09:50:02","modified_gmt":"2021-01-09T08:50:02","slug":"home-2","status":"publish","type":"page","link":"https:\/\/escortcomputer.hu\/fr\/","title":{"rendered":"Home 2"},"content":{"rendered":"<p>[vc_row css=&#8221;.vc_custom_1450139176121{margin-top: 0px !important;margin-right: 0px !important;margin-bottom: -35px !important;margin-left: 0px !important;padding-top: 0px !important;padding-right: 0px !important;padding-bottom: 0px !important;padding-left: 0px !important;}&#8221;][vc_column][rev_slider_vc alias=&#8221;wdc-slider-one2&#8243;][\/vc_column][\/vc_row][vc_row css=&#8221;.vc_custom_1520864297981{margin-bottom: 0px !important;padding-top: 60px !important;padding-bottom: 20px !important;}&#8221;][vc_column width=&#8221;1\/3&#8243;][wdc_icon_box style=&#8221;3&#8243; icon_fontawesome=&#8221;fas fa-wrench&#8221; title=&#8221;Services informatiques&#8221; bg_color_hover=&#8221;#009cff&#8221;]Nous r\u00e9parons et mettons \u00e0 niveau les ordinateurs de bureau et les ordinateurs portables pour les entreprises et les particuliers.[\/wdc_icon_box][\/vc_column][vc_column width=&#8221;1\/3&#8243;][wdc_icon_box style=&#8221;3&#8243; icon_fontawesome=&#8221;fas fa-laptop&#8221; title=&#8221;Services d&#8217;ordinateurs portables&#8221; bg_color_hover=&#8221;#3f51b5&#8243;]Notre entreprise est fiable et notre travail est digne de confiance. Nous fournissons un service sans souci sur lequel vous pouvez toujours compter[\/wdc_icon_box][\/vc_column][vc_column width=&#8221;1\/3&#8243;][wdc_icon_box style=&#8221;3&#8243; icon_fontawesome=&#8221;fas fa-history&#8221; title=&#8221;Sur site&#8221; bg_color_hover=&#8221;#673ab7&#8243;]Choisissez le mode de livraison qui correspond \u00e0 vos besoins. Nous fournissons une installation de ramassage et de d\u00e9p\u00f4t rapide et rapide[\/wdc_icon_box][\/vc_column][\/vc_row][vc_row css=&#8221;.vc_custom_1520866928234{padding-top: 0px !important;padding-bottom: 50px !important;}&#8221; el_id=&#8221;services&#8221;][vc_column][vc_row_inner][vc_column_inner][wdc_heading align=&#8221;center&#8221; title=&#8221;Sp\u00e9cialiste du service rapide&#8221;]service de r\u00e9paration le plus rapide avec le meilleur prix![\/wdc_heading][\/vc_column_inner][\/vc_row_inner][vc_row_inner css=&#8221;.vc_custom_1480691543707{padding-top: 20px !important;padding-bottom: 20px !important;}&#8221;][vc_column_inner width=&#8221;1\/3&#8243;][wdc_icon_box style=&#8221;2&#8243; icon_fontawesome=&#8221;fas fa-desktop&#8221; title=&#8221;Services informatiques&#8221; link_url=&#8221;url:https%3A%2F%2Fescortcomputer.hu%2Fcomputer-repair-and-upgrade%2F|||&#8221;]Nous sommes l&#8217;un des principaux centres de services informatiques, nous assurons le service de bureau et d&#8217;ordinateur portable avec toutes les grandes marques[\/wdc_icon_box][wdc_icon_box style=&#8221;2&#8243; icon_fontawesome=&#8221;fas fa-database&#8221; title=&#8221;R\u00e9cup\u00e9ration de donn\u00e9es&#8221; link_url=&#8221;url:https%3A%2F%2Fescortcomputer.hu%2Fbackup-services%2F|||&#8221;]Nous sommes experts pour r\u00e9cup\u00e9rer les donn\u00e9es de toutes les situations, y compris les virus, la suppression accidentelle, les pannes mat\u00e9rielles.[\/wdc_icon_box][\/vc_column_inner][vc_column_inner width=&#8221;1\/3&#8243;][wdc_icon_box style=&#8221;2&#8243; icon_fontawesome=&#8221;fas fa-laptop&#8221; title=&#8221;Service d&#8217;ordinateur portable&#8221; link_url=&#8221;url:https%3A%2F%2Fescortcomputer.hu%2Flaptop-repair-and-upgrade%2F|||&#8221;]Notre soci\u00e9t\u00e9 offre le service de r\u00e9paration le plus efficace et le plus \u00e9cologique pour vos ordinateurs portables avec une garantie de 30 jours[\/wdc_icon_box][wdc_icon_box style=&#8221;2&#8243; icon_fontawesome=&#8221;fas fa-cubes&#8221; title=&#8221;Services r\u00e9seau&#8221;]R\u00e9seau en panne? Pas d&#8217;Internet? Nous fournissons un service fiable et rapide, nous r\u00e9solvons votre probl\u00e8me de r\u00e9seau dans votre emplacement[\/wdc_icon_box][\/vc_column_inner][vc_column_inner width=&#8221;1\/3&#8243;][wdc_icon_box style=&#8221;2&#8243; icon_fontawesome=&#8221;fas fa-bug&#8221; title=&#8221;Suppression de virus&#8221; link_url=&#8221;url:https%3A%2F%2Fescortcomputer.hu%2Fvirus-removal%2F|||&#8221;]Nous sommes des experts dans la suppression de virus, de logiciels espions et d&#8217;autres logiciels malveillants de votre ordinateur portable \/ ordinateur personnel concern\u00e9<br \/>\n[\/wdc_icon_box][wdc_icon_box style=&#8221;2&#8243; icon_fontawesome=&#8221;fas fa-cloud&#8221; title=&#8221;Conception de site Web&#8221; link_url=&#8221;url:https%3A%2F%2Fescortcomputer.hu%2Flaptop-maintenance%2F|||&#8221;]Nous fournissons des services professionnels de conception Web et de d\u00e9veloppement Web pour ajouter de la valeur \u00e0 votre entreprise.[\/wdc_icon_box][\/vc_column_inner][\/vc_row_inner][vc_row_inner disable_element=&#8221;yes&#8221;][vc_column_inner width=&#8221;1\/3&#8243;][\/vc_column_inner][vc_column_inner el_class=&#8221;align_center&#8221; width=&#8221;1\/3&#8243;][wdc_button size=&#8221;medium&#8221; icon=&#8221;fa fa-user-circle&#8221; link_label=&#8221;Get In Touch&#8221; link_url=&#8221;url:https%3A%2F%2Fescortcomputer.hu%2Fcontact-us%2F|||&#8221;][\/vc_column_inner][vc_column_inner width=&#8221;1\/3&#8243;][\/vc_column_inner][\/vc_row_inner][\/vc_column][\/vc_row][vc_row wdc_font_color=&#8221;#ffffff&#8221; css=&#8221;.vc_custom_1520864459986{margin-bottom: 0px !important;padding-top: 60px !important;padding-bottom: 0px !important;background: #009cff url(https:\/\/escortcomputer.hu\/wp-content\/uploads\/2016\/12\/pattern3.png?id=304) !important;background-position: 0 0 !important;background-repeat: repeat !important;}&#8221;][vc_column width=&#8221;1\/4&#8243;][wdc_counter style=&#8221;icon&#8221; icon=&#8221;fas fa-handshake&#8221; number=&#8221;20&#8243; title=&#8221;ANN\u00c9ES DE SERVICE&#8221;][\/vc_column][vc_column width=&#8221;1\/4&#8243;][wdc_counter style=&#8221;icon&#8221; icon=&#8221;fas fa-laptop&#8221; number=&#8221;3150&#8243; title=&#8221;ORDINATEUR PORTABLE R\u00c9PAR\u00c9&#8221;][\/vc_column][vc_column width=&#8221;1\/4&#8243;][wdc_counter style=&#8221;icon&#8221; icon=&#8221;fas fa-desktop&#8221; number=&#8221;6250&#8243; title=&#8221;ORDINATEUR R\u00c9PAR\u00c9&#8221;][\/vc_column][vc_column width=&#8221;1\/4&#8243;][wdc_counter style=&#8221;icon&#8221; icon=&#8221;fab fa-windows&#8221; number=&#8221;5800&#8243; title=&#8221;OS INSTALL\u00c9&#8221;][\/vc_column][\/vc_row][vc_row wdc_font_color=&#8221;#ffffff&#8221; css=&#8221;.vc_custom_1520864971007{margin-bottom: 0px !important;padding-top: 40px !important;padding-bottom: 20px !important;background-color: #009cff !important;}&#8221;][vc_column width=&#8221;3\/4&#8243; css=&#8221;.vc_custom_1520864859320{padding-left: 90px !important;}&#8221;][vc_custom_heading text=&#8221;Nous r\u00e9parerons et diagnostiquerons tout probl\u00e8me informatique&#8221; font_container=&#8221;tag:h3|font_size:24px|text_align:left|line_height:1.4em&#8221; google_fonts=&#8221;font_family:Montserrat%3Aregular%2C700|font_style:400%20regular%3A400%3Anormal&#8221; css=&#8221;.vc_custom_1608905029573{margin-top: 0px !important;margin-right: 0px !important;margin-bottom: 0px !important;margin-left: 0px !important;padding-top: 0px !important;padding-right: 0px !important;padding-bottom: 0px !important;padding-left: 0px !important;}&#8221;][vc_column_text]20 ans d&#8217;exp\u00e9rience dans la r\u00e9paration d&#8217;ordinateurs portables et d&#8217;ordinateurs[\/vc_column_text][\/vc_column][vc_column width=&#8221;1\/4&#8243;][vc_btn title=&#8221;Obtenir un devis&#8221; style=&#8221;flat&#8221; color=&#8221;black&#8221; align=&#8221;center&#8221; link=&#8221;url:https%3A%2F%2Fescortcomputer.hu%2Fcontact-us%2F|||&#8221;][\/vc_column][\/vc_row]<\/p>","protected":false},"excerpt":{"rendered":"<p>[vc_row css=&#8221;.vc_custom_1450139176121{margin-top: 0px !important;margin-right: 0px !important;margin-bottom: -35px !important;margin-left: 0px !important;padding-top: 0px !important;padding-right: 0px !important;padding-bottom: 0px !important;padding-left: 0px !important;}&#8221;][vc_column][rev_slider_vc alias=&#8221;wdc-slider-one2&#8243;][\/vc_column][\/vc_row][vc_row css=&#8221;.vc_custom_1520864297981{margin-bottom: 0px !important;padding-top: 60px !important;padding-bottom: 20px !important;}&#8221;][vc_column width=&#8221;1\/3&#8243;][wdc_icon_box style=&#8221;3&#8243; icon_fontawesome=&#8221;fas fa-wrench&#8221; title=&#8221;Services informatiques&#8221; bg_color_hover=&#8221;#009cff&#8221;]Nous r\u00e9parons et mettons \u00e0 niveau les ordinateurs de bureau et les ordinateurs portables pour les entreprises et les particuliers.[\/wdc_icon_box][\/vc_column][vc_column width=&#8221;1\/3&#8243;][wdc_icon_box style=&#8221;3&#8243; icon_fontawesome=&#8221;fas [&hellip;]<\/p>\n","protected":false},"author":1,"featured_media":0,"parent":0,"menu_order":0,"comment_status":"closed","ping_status":"closed","template":"","meta":{"footnotes":""},"class_list":["post-177","page","type-page","status-publish","hentry"],"_links":{"self":[{"href":"https:\/\/escortcomputer.hu\/fr\/wp-json\/wp\/v2\/pages\/177","targetHints":{"allow":["GET"]}}],"collection":[{"href":"https:\/\/escortcomputer.hu\/fr\/wp-json\/wp\/v2\/pages"}],"about":[{"href":"https:\/\/escortcomputer.hu\/fr\/wp-json\/wp\/v2\/types\/page"}],"author":[{"embeddable":true,"href":"https:\/\/escortcomputer.hu\/fr\/wp-json\/wp\/v2\/users\/1"}],"replies":[{"embeddable":true,"href":"https:\/\/escortcomputer.hu\/fr\/wp-json\/wp\/v2\/comments?post=177"}],"version-history":[{"count":0,"href":"https:\/\/escortcomputer.hu\/fr\/wp-json\/wp\/v2\/pages\/177\/revisions"}],"wp:attachment":[{"href":"https:\/\/escortcomputer.hu\/fr\/wp-json\/wp\/v2\/media?parent=177"}],"curies":[{"name":"wp","href":"https:\/\/api.w.org\/{rel}","templated":true}]}}