{"id":159,"date":"2016-11-14T14:50:55","date_gmt":"2016-11-14T14:50:55","guid":{"rendered":"http:\/\/iwebdc.com\/demo\/ostrya\/?page_id=159"},"modified":"2023-09-08T13:00:31","modified_gmt":"2023-09-08T12:00:31","slug":"contact-us","status":"publish","type":"page","link":"https:\/\/escortcomputer.hu\/fr\/contact-us\/","title":{"rendered":"Nous contacter"},"content":{"rendered":"<p>[vc_row wdc_remove_padding=&#8221;yes&#8221; wdc_full_width=&#8221;2&#8243; css=&#8221;.vc_custom_1521143503551{margin-bottom: 0px !important;padding-right: 60px !important;padding-left: 60px !important;}&#8221;][vc_column][vc_gmaps link=&#8221;#E-8_JTNDaWZyYW1lJTIwc3JjJTNEJTIyaHR0cHMlM0ElMkYlMkZ3d3cuZ29vZ2xlLmNvbSUyRm1hcHMlMkZlbWJlZCUzRnBiJTNEJTIxMW0xOCUyMTFtMTIlMjExbTMlMjExZDI2OTYuMDU2MzUwMTk3OTM2JTIxMmQxOS4wODE5MjcyMTQ4MTk2MiUyMTNkNDcuNDg4ODE1NjA0MTAxNjI1JTIxMm0zJTIxMWYwJTIxMmYwJTIxM2YwJTIxM20yJTIxMWkxMDI0JTIxMmk3NjglMjE0ZjEzLjElMjEzbTMlMjExbTIlMjExczB4NDc0MWRjZjNkMGM3ZjE4MSUyNTNBMHgyYWQ3ZTI2OTNjMDBlZmQ0JTIxMnNQQy1Fc2NvcnQlMkJLZnQuJTIxNWUwJTIxM20yJTIxMXNlbiUyMTJzaHUlMjE0djE1MjA5Njk3MDI0MTglMjIlMjB3aWR0aCUzRCUyMjYwMCUyMiUyMGhlaWdodCUzRCUyMjQ1MCUyMiUyMGZyYW1lYm9yZGVyJTNEJTIyMCUyMiUyMHN0eWxlJTNEJTIyYm9yZGVyJTNBMCUyMiUyMGFsbG93ZnVsbHNjcmVlbiUzRSUzQyUyRmlmcmFtZSUzRQ==&#8221; css=&#8221;.vc_custom_1520969717988{margin-bottom: 0px !important;}&#8221;][\/vc_column][\/vc_row][vc_row css=&#8221;.vc_custom_1451525930914{margin-bottom: 0px !important;padding-top: 80px !important;padding-bottom: 60px !important;}&#8221;][vc_column width=&#8221;2\/3&#8243;][wdc_heading title=&#8221;Entrer en contact&#8221;][\/wdc_heading]\n<div class=\"wpcf7 no-js\" id=\"wpcf7-f263-o3\" lang=\"en-US\" dir=\"ltr\" data-wpcf7-id=\"263\">\n<div class=\"screen-reader-response\"><p role=\"status\" aria-live=\"polite\" aria-atomic=\"true\"><\/p> <ul><\/ul><\/div>\n<form action=\"\/fr\/wp-json\/wp\/v2\/pages\/159#wpcf7-f263-o3\" method=\"post\" class=\"wpcf7-form init\" aria-label=\"Contact form\" novalidate=\"novalidate\" data-status=\"init\">\n<fieldset class=\"hidden-fields-container\"><input type=\"hidden\" name=\"_wpcf7\" value=\"263\" \/><input type=\"hidden\" name=\"_wpcf7_version\" value=\"6.1.5\" \/><input type=\"hidden\" name=\"_wpcf7_locale\" value=\"en_US\" \/><input type=\"hidden\" name=\"_wpcf7_unit_tag\" value=\"wpcf7-f263-o3\" \/><input type=\"hidden\" name=\"_wpcf7_container_post\" value=\"0\" \/><input type=\"hidden\" name=\"_wpcf7_posted_data_hash\" value=\"\" \/>\n<\/fieldset>\n<p><span class=\"wpcf7-form-control-wrap\" data-name=\"your-fname\"><input size=\"40\" maxlength=\"400\" class=\"wpcf7-form-control wpcf7-text wpcf7-validates-as-required\" aria-required=\"true\" aria-invalid=\"false\" placeholder=\"Your Full Name *\" value=\"\" type=\"text\" name=\"your-fname\" \/><\/span>\n<\/p>\n<p><span class=\"wpcf7-form-control-wrap\" data-name=\"your-email\"><input size=\"40\" maxlength=\"400\" class=\"wpcf7-form-control wpcf7-email wpcf7-validates-as-required wpcf7-text wpcf7-validates-as-email\" aria-required=\"true\" aria-invalid=\"false\" placeholder=\"Your Email *\" value=\"\" type=\"email\" name=\"your-email\" \/><\/span>\n<\/p>\n<p><span class=\"wpcf7-form-control-wrap\" data-name=\"your-subject\"><input size=\"40\" maxlength=\"400\" class=\"wpcf7-form-control wpcf7-text\" aria-invalid=\"false\" placeholder=\"Subject\" value=\"\" type=\"text\" name=\"your-subject\" \/><\/span>\n<\/p>\n<p><span class=\"wpcf7-form-control-wrap\" data-name=\"your-message\"><textarea cols=\"40\" rows=\"10\" maxlength=\"2000\" class=\"wpcf7-form-control wpcf7-textarea\" aria-invalid=\"false\" placeholder=\"Message\" name=\"your-message\"><\/textarea><\/span>\n<\/p>\n<p><input class=\"wpcf7-form-control wpcf7-submit has-spinner\" type=\"submit\" value=\"Send Message\" \/>\n<\/p><div class=\"wpcf7-response-output\" aria-hidden=\"true\"><\/div>\n<\/form>\n<\/div>\n[\/vc_column][vc_column width=&#8221;1\/3&#8243;][wdc_heading title=&#8221;Contact&#8221;][\/wdc_heading][vc_column_text]Escort Computer est une entreprise familiale, sp\u00e9cialis\u00e9e dans la r\u00e9paration d&#8217;ordinateurs.\u00a0Quel que soit le type de probl\u00e8me que vous rencontrez &#8211; logiciel, mat\u00e9riel, virus, logiciels espions ou logiciels malveillants &#8211; nous le r\u00e9soudrons pour vous.\u00a0Nous sommes en affaires depuis 1997.[\/vc_column_text][vc_raw_html]JTNDdWwlMjBjbGFzcyUzRCUyMndkYy1jb250YWN0LWluZm8lMjIlM0UlMEElM0NsaSUzRSUwQSUzQ2RpdiUyMGNsYXNzJTNEJTIyY29udGFjdC1sYWJlbCUyMiUzRUxvY2F0aW9uJTNDJTJGZGl2JTNFJTBBQnVkYXBlc3QlMkMlMjBCYXJvc3MlMjB1LiUyMDExOCUyQyUyMDEwODIlMEElM0MlMkZsaSUzRSUwQSUzQ2xpJTNFJTBBJTNDZGl2JTIwY2xhc3MlM0QlMjJjb250YWN0LWxhYmVsJTIyJTNFUGhvbmUlM0MlMkZkaXYlM0UlMEElMkIzNjIwOTUyOTAwOCUwQSUzQyUyRmxpJTNFJTBBJTNDbGklM0UlMEElM0NkaXYlMjBjbGFzcyUzRCUyMmNvbnRhY3QtbGFiZWwlMjIlM0VFbWFpbCUzQyUyRmRpdiUzRSUwQSUzQ2ElMjBocmVmJTNEJTIyJTIzJTIyJTNFaW5mbyU0MGVzY29ydGNvbXB1dGVyLmh1JTNDJTJGYSUzRSUwQSUzQyUyRmxpJTNFJTBBJTNDJTJGdWwlM0U=[\/vc_raw_html][\/vc_column][\/vc_row]<\/p>","protected":false},"excerpt":{"rendered":"<p>[vc_row wdc_remove_padding=&#8221;yes&#8221; wdc_full_width=&#8221;2&#8243; css=&#8221;.vc_custom_1521143503551{margin-bottom: 0px !important;padding-right: 60px !important;padding-left: 60px !important;}&#8221;][vc_column][vc_gmaps link=&#8221;#E-8_JTNDaWZyYW1lJTIwc3JjJTNEJTIyaHR0cHMlM0ElMkYlMkZ3d3cuZ29vZ2xlLmNvbSUyRm1hcHMlMkZlbWJlZCUzRnBiJTNEJTIxMW0xOCUyMTFtMTIlMjExbTMlMjExZDI2OTYuMDU2MzUwMTk3OTM2JTIxMmQxOS4wODE5MjcyMTQ4MTk2MiUyMTNkNDcuNDg4ODE1NjA0MTAxNjI1JTIxMm0zJTIxMWYwJTIxMmYwJTIxM2YwJTIxM20yJTIxMWkxMDI0JTIxMmk3NjglMjE0ZjEzLjElMjEzbTMlMjExbTIlMjExczB4NDc0MWRjZjNkMGM3ZjE4MSUyNTNBMHgyYWQ3ZTI2OTNjMDBlZmQ0JTIxMnNQQy1Fc2NvcnQlMkJLZnQuJTIxNWUwJTIxM20yJTIxMXNlbiUyMTJzaHUlMjE0djE1MjA5Njk3MDI0MTglMjIlMjB3aWR0aCUzRCUyMjYwMCUyMiUyMGhlaWdodCUzRCUyMjQ1MCUyMiUyMGZyYW1lYm9yZGVyJTNEJTIyMCUyMiUyMHN0eWxlJTNEJTIyYm9yZGVyJTNBMCUyMiUyMGFsbG93ZnVsbHNjcmVlbiUzRSUzQyUyRmlmcmFtZSUzRQ==&#8221; css=&#8221;.vc_custom_1520969717988{margin-bottom: 0px !important;}&#8221;][\/vc_column][\/vc_row][vc_row css=&#8221;.vc_custom_1451525930914{margin-bottom: 0px !important;padding-top: 80px !important;padding-bottom: 60px !important;}&#8221;][vc_column width=&#8221;2\/3&#8243;][wdc_heading title=&#8221;Entrer en contact&#8221;][\/wdc_heading][\/vc_column][vc_column width=&#8221;1\/3&#8243;][wdc_heading title=&#8221;Contact&#8221;][\/wdc_heading][vc_column_text]Escort Computer est une entreprise familiale, sp\u00e9cialis\u00e9e dans la r\u00e9paration d&#8217;ordinateurs.\u00a0Quel que soit le type de probl\u00e8me que vous rencontrez &#8211; logiciel, mat\u00e9riel, virus, logiciels espions ou logiciels malveillants [&hellip;]<\/p>\n","protected":false},"author":1,"featured_media":0,"parent":0,"menu_order":0,"comment_status":"closed","ping_status":"closed","template":"","meta":{"footnotes":""},"class_list":["post-159","page","type-page","status-publish","hentry"],"_links":{"self":[{"href":"https:\/\/escortcomputer.hu\/fr\/wp-json\/wp\/v2\/pages\/159","targetHints":{"allow":["GET"]}}],"collection":[{"href":"https:\/\/escortcomputer.hu\/fr\/wp-json\/wp\/v2\/pages"}],"about":[{"href":"https:\/\/escortcomputer.hu\/fr\/wp-json\/wp\/v2\/types\/page"}],"author":[{"embeddable":true,"href":"https:\/\/escortcomputer.hu\/fr\/wp-json\/wp\/v2\/users\/1"}],"replies":[{"embeddable":true,"href":"https:\/\/escortcomputer.hu\/fr\/wp-json\/wp\/v2\/comments?post=159"}],"version-history":[{"count":1,"href":"https:\/\/escortcomputer.hu\/fr\/wp-json\/wp\/v2\/pages\/159\/revisions"}],"predecessor-version":[{"id":2332,"href":"https:\/\/escortcomputer.hu\/fr\/wp-json\/wp\/v2\/pages\/159\/revisions\/2332"}],"wp:attachment":[{"href":"https:\/\/escortcomputer.hu\/fr\/wp-json\/wp\/v2\/media?parent=159"}],"curies":[{"name":"wp","href":"https:\/\/api.w.org\/{rel}","templated":true}]}}